{"id":3085,"date":"2025-01-23T18:08:03","date_gmt":"2025-01-23T23:08:03","guid":{"rendered":"https:\/\/thetimeprogram.com\/?page_id=3085"},"modified":"2025-02-11T10:09:44","modified_gmt":"2025-02-11T15:09:44","slug":"our-services","status":"publish","type":"page","link":"https:\/\/thetimeprogram.com\/es\/our-services\/","title":{"rendered":"Nuestros servicios"},"content":{"rendered":"<div data-elementor-type=\"wp-page\" data-elementor-id=\"3085\" class=\"elementor elementor-3085\" data-elementor-post-type=\"page\">\n\t\t\t\t<div class=\"elementor-element elementor-element-6f06529 e-flex e-con-boxed e-con e-parent\" data-id=\"6f06529\" data-element_type=\"container\" data-e-type=\"container\" data-settings=\"{&quot;background_background&quot;:&quot;classic&quot;,&quot;ekit_has_onepagescroll_dot&quot;:&quot;yes&quot;}\">\n\t\t\t\t\t<div class=\"e-con-inner\">\n\t\t<div class=\"elementor-element elementor-element-9f88332 e-con-full e-flex e-con e-child\" data-id=\"9f88332\" data-element_type=\"container\" data-e-type=\"container\" data-settings=\"{&quot;ekit_has_onepagescroll_dot&quot;:&quot;yes&quot;}\">\n\t\t\t\t<div class=\"elementor-element elementor-element-956b6ac elementor-widget elementor-widget-heading\" data-id=\"956b6ac\" data-element_type=\"widget\" data-e-type=\"widget\" data-settings=\"{&quot;ekit_we_effect_on&quot;:&quot;none&quot;}\" data-widget_type=\"heading.default\">\n\t\t\t\t<div class=\"elementor-widget-container\">\n\t\t\t\t\t<h1 class=\"elementor-heading-title elementor-size-default\">Nuestros servicios<\/h1>\t\t\t\t<\/div>\n\t\t\t\t<\/div>\n\t\t\t\t<\/div>\n\t\t\t\t\t<\/div>\n\t\t\t\t<\/div>\n\t\t<div class=\"elementor-element elementor-element-d494e23 e-flex e-con-boxed e-con e-parent\" data-id=\"d494e23\" data-element_type=\"container\" data-e-type=\"container\" data-settings=\"{&quot;ekit_has_onepagescroll_dot&quot;:&quot;yes&quot;}\">\n\t\t\t\t\t<div class=\"e-con-inner\">\n\t\t<div class=\"elementor-element elementor-element-9ced41b e-con-full e-flex e-con e-child\" data-id=\"9ced41b\" data-element_type=\"container\" data-e-type=\"container\" data-settings=\"{&quot;ekit_has_onepagescroll_dot&quot;:&quot;yes&quot;}\">\n\t\t\t\t<div class=\"elementor-element elementor-element-50af7251 elementor-widget elementor-widget-elementskit-heading\" data-id=\"50af7251\" data-element_type=\"widget\" data-e-type=\"widget\" data-settings=\"{&quot;ekit_we_effect_on&quot;:&quot;none&quot;}\" data-widget_type=\"elementskit-heading.default\">\n\t\t\t\t<div class=\"elementor-widget-container\">\n\t\t\t\t\t<div class=\"ekit-wid-con\" ><div class=\"ekit-heading elementskit-section-title-wraper text_left   ekit_heading_tablet-   ekit_heading_mobile-\"><h2 class=\"ekit-heading--title elementskit-section-title\">Lo que nosotros <span>Oferta<\/span><\/h2><div class=\"ekit_heading_separetor_wraper ekit_heading_elementskit-border-divider elementskit-style-long\"><div class=\"elementskit-border-divider elementskit-style-long\"><\/div><\/div>\t\t\t\t<div class='ekit-heading__description'>\n\t\t\t\t\t<p class=\"p1\">En el Programa TIME, nos dedicamos a empoderar a los empresarios pertenecientes a minor\u00edas a trav\u00e9s de un conjunto integral de servicios dise\u00f1ados para fomentar el crecimiento personal, la perspicacia empresarial y la estabilidad financiera. Nuestras ofertas est\u00e1n dise\u00f1adas para satisfacer las necesidades \u00fanicas de cada empresario, lo que garantiza un enfoque hol\u00edstico hacia el \u00e9xito.<\/p>\n\t\t\t\t<\/div>\n\t\t\t<\/div><\/div>\t\t\t\t<\/div>\n\t\t\t\t<\/div>\n\t\t<div class=\"elementor-element elementor-element-07317f6 e-grid e-con-full e-con e-child\" data-id=\"07317f6\" data-element_type=\"container\" data-e-type=\"container\" data-settings=\"{&quot;ekit_has_onepagescroll_dot&quot;:&quot;yes&quot;}\">\n\t\t\t\t<div class=\"elementor-element elementor-element-b858a59 elementor-align-center elementor-widget elementor-widget-button\" data-id=\"b858a59\" data-element_type=\"widget\" data-e-type=\"widget\" data-settings=\"{&quot;ekit_we_effect_on&quot;:&quot;none&quot;}\" data-widget_type=\"button.default\">\n\t\t\t\t<div class=\"elementor-widget-container\">\n\t\t\t\t\t\t\t\t\t<div class=\"elementor-button-wrapper\">\n\t\t\t\t\t<a class=\"elementor-button elementor-button-link elementor-size-sm\" href=\"https:\/\/thetimeprogram.com\/es\/application\/\">\n\t\t\t\t\t\t<span class=\"elementor-button-content-wrapper\">\n\t\t\t\t\t\t\t\t\t<span class=\"elementor-button-text\">Solicitud completa<\/span>\n\t\t\t\t\t<\/span>\n\t\t\t\t\t<\/a>\n\t\t\t\t<\/div>\n\t\t\t\t\t\t\t\t<\/div>\n\t\t\t\t<\/div>\n\t\t\t\t<div class=\"elementor-element elementor-element-12b1a27 elementor-widget elementor-widget-button\" data-id=\"12b1a27\" data-element_type=\"widget\" data-e-type=\"widget\" data-settings=\"{&quot;ekit_we_effect_on&quot;:&quot;none&quot;}\" data-widget_type=\"button.default\">\n\t\t\t\t<div class=\"elementor-widget-container\">\n\t\t\t\t\t\t\t\t\t<div class=\"elementor-button-wrapper\">\n\t\t\t\t\t<a class=\"elementor-button elementor-button-link elementor-size-sm\" href=\"https:\/\/thetimeprogram.com\/wp-content\/uploads\/2025\/02\/IRS-W9.pdf\" target=\"_blank\">\n\t\t\t\t\t\t<span class=\"elementor-button-content-wrapper\">\n\t\t\t\t\t\t\t\t\t<span class=\"elementor-button-text\">obtener el formulario irs-w9<\/span>\n\t\t\t\t\t<\/span>\n\t\t\t\t\t<\/a>\n\t\t\t\t<\/div>\n\t\t\t\t\t\t\t\t<\/div>\n\t\t\t\t<\/div>\n\t\t\t\t<\/div>\n\t\t\t\t<\/div>\n\t\t<div class=\"elementor-element elementor-element-d1a6233 e-con-full e-flex e-con e-child\" data-id=\"d1a6233\" data-element_type=\"container\" data-e-type=\"container\" data-settings=\"{&quot;ekit_has_onepagescroll_dot&quot;:&quot;yes&quot;}\">\n\t\t\t\t<div class=\"elementor-element elementor-element-d3dd784 elementor-widget elementor-widget-image\" data-id=\"d3dd784\" data-element_type=\"widget\" data-e-type=\"widget\" data-settings=\"{&quot;ekit_we_effect_on&quot;:&quot;none&quot;}\" data-widget_type=\"image.default\">\n\t\t\t\t<div class=\"elementor-widget-container\">\n\t\t\t\t\t\t\t\t\t\t\t\t\t\t\t<img fetchpriority=\"high\" decoding=\"async\" width=\"1024\" height=\"540\" src=\"https:\/\/thetimeprogram.com\/wp-content\/uploads\/2025\/01\/business-woman-question-and-mentor-in-training-w-2023-11-27-04-57-58-utc-1024x540.jpg\" class=\"attachment-large size-large wp-image-3088\" alt=\"\" srcset=\"https:\/\/thetimeprogram.com\/wp-content\/uploads\/2025\/01\/business-woman-question-and-mentor-in-training-w-2023-11-27-04-57-58-utc-1024x540.jpg 1024w, https:\/\/thetimeprogram.com\/wp-content\/uploads\/2025\/01\/business-woman-question-and-mentor-in-training-w-2023-11-27-04-57-58-utc-300x158.jpg 300w, https:\/\/thetimeprogram.com\/wp-content\/uploads\/2025\/01\/business-woman-question-and-mentor-in-training-w-2023-11-27-04-57-58-utc-768x405.jpg 768w, https:\/\/thetimeprogram.com\/wp-content\/uploads\/2025\/01\/business-woman-question-and-mentor-in-training-w-2023-11-27-04-57-58-utc-1536x810.jpg 1536w, https:\/\/thetimeprogram.com\/wp-content\/uploads\/2025\/01\/business-woman-question-and-mentor-in-training-w-2023-11-27-04-57-58-utc-2048x1080.jpg 2048w\" sizes=\"(max-width: 1024px) 100vw, 1024px\" \/>\t\t\t\t\t\t\t\t\t\t\t\t\t\t\t<\/div>\n\t\t\t\t<\/div>\n\t\t\t\t<\/div>\n\t\t\t\t\t<\/div>\n\t\t\t\t<\/div>\n\t\t<div class=\"elementor-element elementor-element-ac17bbb e-flex e-con-boxed e-con e-parent\" data-id=\"ac17bbb\" data-element_type=\"container\" data-e-type=\"container\" data-settings=\"{&quot;ekit_has_onepagescroll_dot&quot;:&quot;yes&quot;}\">\n\t\t\t\t\t<div class=\"e-con-inner\">\n\t\t<div class=\"elementor-element elementor-element-8d88925 e-con-full e-flex e-con e-child\" data-id=\"8d88925\" data-element_type=\"container\" data-e-type=\"container\" data-settings=\"{&quot;ekit_has_onepagescroll_dot&quot;:&quot;yes&quot;}\">\n\t\t\t\t<div class=\"elementor-element elementor-element-e20ed96 elementor-widget elementor-widget-image\" data-id=\"e20ed96\" data-element_type=\"widget\" data-e-type=\"widget\" data-settings=\"{&quot;ekit_we_effect_on&quot;:&quot;none&quot;}\" data-widget_type=\"image.default\">\n\t\t\t\t<div class=\"elementor-widget-container\">\n\t\t\t\t\t\t\t\t\t\t\t\t\t\t\t<img decoding=\"async\" width=\"1024\" height=\"540\" src=\"https:\/\/thetimeprogram.com\/wp-content\/uploads\/2025\/01\/business-woman-question-and-mentor-in-training-w-2023-11-27-05-02-22-utc-1024x540.jpg\" class=\"attachment-large size-large wp-image-3094\" alt=\"\" srcset=\"https:\/\/thetimeprogram.com\/wp-content\/uploads\/2025\/01\/business-woman-question-and-mentor-in-training-w-2023-11-27-05-02-22-utc-1024x540.jpg 1024w, https:\/\/thetimeprogram.com\/wp-content\/uploads\/2025\/01\/business-woman-question-and-mentor-in-training-w-2023-11-27-05-02-22-utc-300x158.jpg 300w, https:\/\/thetimeprogram.com\/wp-content\/uploads\/2025\/01\/business-woman-question-and-mentor-in-training-w-2023-11-27-05-02-22-utc-768x405.jpg 768w, https:\/\/thetimeprogram.com\/wp-content\/uploads\/2025\/01\/business-woman-question-and-mentor-in-training-w-2023-11-27-05-02-22-utc-1536x810.jpg 1536w, https:\/\/thetimeprogram.com\/wp-content\/uploads\/2025\/01\/business-woman-question-and-mentor-in-training-w-2023-11-27-05-02-22-utc.jpg 2048w\" sizes=\"(max-width: 1024px) 100vw, 1024px\" \/>\t\t\t\t\t\t\t\t\t\t\t\t\t\t\t<\/div>\n\t\t\t\t<\/div>\n\t\t\t\t<\/div>\n\t\t<div class=\"elementor-element elementor-element-1152dee e-con-full e-flex e-con e-child\" data-id=\"1152dee\" data-element_type=\"container\" data-e-type=\"container\" data-settings=\"{&quot;ekit_has_onepagescroll_dot&quot;:&quot;yes&quot;}\">\n\t\t\t\t<div class=\"elementor-element elementor-element-bc7d601 elementor-widget elementor-widget-elementskit-heading\" data-id=\"bc7d601\" data-element_type=\"widget\" data-e-type=\"widget\" data-settings=\"{&quot;ekit_we_effect_on&quot;:&quot;none&quot;}\" data-widget_type=\"elementskit-heading.default\">\n\t\t\t\t<div class=\"elementor-widget-container\">\n\t\t\t\t\t<div class=\"ekit-wid-con\" ><div class=\"ekit-heading elementskit-section-title-wraper text_left   ekit_heading_tablet-   ekit_heading_mobile-\"><h2 class=\"ekit-heading--title elementskit-section-title\"><span>Personal<\/span> Desarrollo<\/h2><div class=\"ekit_heading_separetor_wraper ekit_heading_elementskit-border-divider elementskit-style-long\"><div class=\"elementskit-border-divider elementskit-style-long\"><\/div><\/div>\t\t\t\t<div class='ekit-heading__description'>\n\t\t\t\t\t<p class=\"p1\"><i>Autodescubrimiento, establecimiento de metas y autocuidado<\/i><i><\/i><\/p>\n<p class=\"p1\">Creemos que el crecimiento personal es la base del \u00e9xito profesional. Nuestro programa de Desarrollo Personal ofrece:<\/p>\n<p class=\"p3\">\u2022 <b>Talleres:<\/b> Participe en sesiones interactivas que le ayudar\u00e1n a descubrir sus fortalezas, pasiones y \u00e1reas de crecimiento.<\/p>\n<p class=\"p3\">\u2022 <b>Tutor\u00eda personalizada:<\/b> Asociese con mentores experimentados que le brinden orientaci\u00f3n personalizada, ayud\u00e1ndole a establecer metas alcanzables y desarrollar h\u00e1bitos saludables que respalden su viaje.<\/p>\n\t\t\t\t<\/div>\n\t\t\t<\/div><\/div>\t\t\t\t<\/div>\n\t\t\t\t<\/div>\n\t\t\t\t<\/div>\n\t\t\t\t\t<\/div>\n\t\t\t\t<\/div>\n\t\t<div class=\"elementor-element elementor-element-01f178f e-flex e-con-boxed e-con e-parent\" data-id=\"01f178f\" data-element_type=\"container\" data-e-type=\"container\" data-settings=\"{&quot;ekit_has_onepagescroll_dot&quot;:&quot;yes&quot;}\">\n\t\t\t\t\t<div class=\"e-con-inner\">\n\t\t<div class=\"elementor-element elementor-element-8622623 e-con-full e-flex e-con e-child\" data-id=\"8622623\" data-element_type=\"container\" data-e-type=\"container\" data-settings=\"{&quot;ekit_has_onepagescroll_dot&quot;:&quot;yes&quot;}\">\n\t\t\t\t<div class=\"elementor-element elementor-element-4c86ed9 elementor-widget elementor-widget-elementskit-heading\" data-id=\"4c86ed9\" data-element_type=\"widget\" data-e-type=\"widget\" data-settings=\"{&quot;ekit_we_effect_on&quot;:&quot;none&quot;}\" data-widget_type=\"elementskit-heading.default\">\n\t\t\t\t<div class=\"elementor-widget-container\">\n\t\t\t\t\t<div class=\"ekit-wid-con\" ><div class=\"ekit-heading elementskit-section-title-wraper text_left   ekit_heading_tablet-   ekit_heading_mobile-\"><h2 class=\"ekit-heading--title elementskit-section-title\"><span>Negocio<\/span> Desarrollo<\/h2><div class=\"ekit_heading_separetor_wraper ekit_heading_elementskit-border-divider elementskit-style-long\"><div class=\"elementskit-border-divider elementskit-style-long\"><\/div><\/div>\t\t\t\t<div class='ekit-heading__description'>\n\t\t\t\t\t<p class=\"p1\"><i>Marketing, ventas y operaciones<\/i><i><\/i><\/p>\n<p class=\"p1\">Para prosperar en el mercado competitivo de hoy, es esencial contar con una estrategia empresarial s\u00f3lida. Nuestro programa de Desarrollo Empresarial ofrece:<\/p>\n<p class=\"p3\">\u2022<b>Orientaci\u00f3n experta:<\/b> Colabore con nuestros socios en SCORE, quienes ofrecen asesoramiento pr\u00e1ctico sobre estrategias de marketing, t\u00e9cnicas de ventas y gesti\u00f3n eficiente de operaciones.<\/p>\n<p class=\"p3\">\u2022<b>Acceso a recursos:<\/b> Obtenga acceso a una gran cantidad de herramientas y recursos dise\u00f1ados para ayudarlo a navegar por las complejidades de administrar un negocio exitoso.<\/p>\n\t\t\t\t<\/div>\n\t\t\t<\/div><\/div>\t\t\t\t<\/div>\n\t\t\t\t<\/div>\n\t\t\t\t<\/div>\n\t\t<div class=\"elementor-element elementor-element-e62ac25 e-con-full e-flex e-con e-child\" data-id=\"e62ac25\" data-element_type=\"container\" data-e-type=\"container\" data-settings=\"{&quot;ekit_has_onepagescroll_dot&quot;:&quot;yes&quot;}\">\n\t\t\t\t<div class=\"elementor-element elementor-element-101527d elementor-widget elementor-widget-image\" data-id=\"101527d\" data-element_type=\"widget\" data-e-type=\"widget\" data-settings=\"{&quot;ekit_we_effect_on&quot;:&quot;none&quot;}\" data-widget_type=\"image.default\">\n\t\t\t\t<div class=\"elementor-widget-container\">\n\t\t\t\t\t\t\t\t\t\t\t\t\t\t\t<img decoding=\"async\" width=\"1024\" height=\"540\" src=\"https:\/\/thetimeprogram.com\/wp-content\/uploads\/2025\/01\/business-woman-question-and-mentor-in-training-w-2023-11-27-04-55-35-utc-1024x540.jpg\" class=\"attachment-large size-large wp-image-3095\" alt=\"\" srcset=\"https:\/\/thetimeprogram.com\/wp-content\/uploads\/2025\/01\/business-woman-question-and-mentor-in-training-w-2023-11-27-04-55-35-utc-1024x540.jpg 1024w, https:\/\/thetimeprogram.com\/wp-content\/uploads\/2025\/01\/business-woman-question-and-mentor-in-training-w-2023-11-27-04-55-35-utc-300x158.jpg 300w, https:\/\/thetimeprogram.com\/wp-content\/uploads\/2025\/01\/business-woman-question-and-mentor-in-training-w-2023-11-27-04-55-35-utc-768x405.jpg 768w, https:\/\/thetimeprogram.com\/wp-content\/uploads\/2025\/01\/business-woman-question-and-mentor-in-training-w-2023-11-27-04-55-35-utc-1536x810.jpg 1536w, https:\/\/thetimeprogram.com\/wp-content\/uploads\/2025\/01\/business-woman-question-and-mentor-in-training-w-2023-11-27-04-55-35-utc.jpg 2048w\" sizes=\"(max-width: 1024px) 100vw, 1024px\" \/>\t\t\t\t\t\t\t\t\t\t\t\t\t\t\t<\/div>\n\t\t\t\t<\/div>\n\t\t\t\t<\/div>\n\t\t\t\t\t<\/div>\n\t\t\t\t<\/div>\n\t\t<div class=\"elementor-element elementor-element-603179a e-flex e-con-boxed e-con e-parent\" data-id=\"603179a\" data-element_type=\"container\" data-e-type=\"container\" data-settings=\"{&quot;ekit_has_onepagescroll_dot&quot;:&quot;yes&quot;}\">\n\t\t\t\t\t<div class=\"e-con-inner\">\n\t\t<div class=\"elementor-element elementor-element-ad28a22 e-con-full e-flex e-con e-child\" data-id=\"ad28a22\" data-element_type=\"container\" data-e-type=\"container\" data-settings=\"{&quot;ekit_has_onepagescroll_dot&quot;:&quot;yes&quot;}\">\n\t\t\t\t<div class=\"elementor-element elementor-element-00ac729 elementor-widget elementor-widget-image\" data-id=\"00ac729\" data-element_type=\"widget\" data-e-type=\"widget\" data-settings=\"{&quot;ekit_we_effect_on&quot;:&quot;none&quot;}\" data-widget_type=\"image.default\">\n\t\t\t\t<div class=\"elementor-widget-container\">\n\t\t\t\t\t\t\t\t\t\t\t\t\t\t\t<img loading=\"lazy\" decoding=\"async\" width=\"1024\" height=\"683\" src=\"https:\/\/thetimeprogram.com\/wp-content\/uploads\/2025\/01\/make-your-mark-share-your-voice-2023-11-27-05-09-21-utc-1024x683.jpg\" class=\"attachment-large size-large wp-image-3096\" alt=\"\" srcset=\"https:\/\/thetimeprogram.com\/wp-content\/uploads\/2025\/01\/make-your-mark-share-your-voice-2023-11-27-05-09-21-utc-1024x683.jpg 1024w, https:\/\/thetimeprogram.com\/wp-content\/uploads\/2025\/01\/make-your-mark-share-your-voice-2023-11-27-05-09-21-utc-300x200.jpg 300w, https:\/\/thetimeprogram.com\/wp-content\/uploads\/2025\/01\/make-your-mark-share-your-voice-2023-11-27-05-09-21-utc-768x512.jpg 768w, https:\/\/thetimeprogram.com\/wp-content\/uploads\/2025\/01\/make-your-mark-share-your-voice-2023-11-27-05-09-21-utc-1536x1025.jpg 1536w, https:\/\/thetimeprogram.com\/wp-content\/uploads\/2025\/01\/make-your-mark-share-your-voice-2023-11-27-05-09-21-utc-2048x1366.jpg 2048w\" sizes=\"(max-width: 1024px) 100vw, 1024px\" \/>\t\t\t\t\t\t\t\t\t\t\t\t\t\t\t<\/div>\n\t\t\t\t<\/div>\n\t\t\t\t<\/div>\n\t\t<div class=\"elementor-element elementor-element-1a7db12 e-con-full e-flex e-con e-child\" data-id=\"1a7db12\" data-element_type=\"container\" data-e-type=\"container\" data-settings=\"{&quot;ekit_has_onepagescroll_dot&quot;:&quot;yes&quot;}\">\n\t\t\t\t<div class=\"elementor-element elementor-element-25226bd elementor-widget elementor-widget-elementskit-heading\" data-id=\"25226bd\" data-element_type=\"widget\" data-e-type=\"widget\" data-settings=\"{&quot;ekit_we_effect_on&quot;:&quot;none&quot;}\" data-widget_type=\"elementskit-heading.default\">\n\t\t\t\t<div class=\"elementor-widget-container\">\n\t\t\t\t\t<div class=\"ekit-wid-con\" ><div class=\"ekit-heading elementskit-section-title-wraper text_left   ekit_heading_tablet-   ekit_heading_mobile-\"><h2 class=\"ekit-heading--title elementskit-section-title\"><span>Financiero<\/span> Desarrollo<\/h2><div class=\"ekit_heading_separetor_wraper ekit_heading_elementskit-border-divider elementskit-style-long\"><div class=\"elementskit-border-divider elementskit-style-long\"><\/div><\/div>\t\t\t\t<div class='ekit-heading__description'>\n\t\t\t\t\t<p class=\"p1\"><i>Asistencia financiera integral<\/i><i><\/i><\/p>\n<p class=\"p1\">La estabilidad financiera es fundamental para el crecimiento empresarial. Nuestro programa de Desarrollo Financiero ofrece:<\/p>\n<p class=\"p3\">\u2022<b>Micro pr\u00e9stamos:<\/b> Obtenga peque\u00f1os pr\u00e9stamos con condiciones favorables para apoyar las necesidades de su negocio.<\/p>\n<p class=\"p3\">\u2022<b>Subvenciones perdonables:<\/b> Acceda a subvenciones que brindan apoyo financiero sin la carga de tener que devolverlo, lo que le permite invertir en el futuro de su negocio.<\/p>\n<p class=\"p1\">En el Programa TIME, nos comprometemos a brindar el apoyo y los recursos necesarios para que los empresarios pertenecientes a minor\u00edas tengan \u00e9xito. \u00danase a nosotros para embarcarse en un viaje transformador hacia la realizaci\u00f3n personal y la excelencia empresarial.<\/p>\n\t\t\t\t<\/div>\n\t\t\t<\/div><\/div>\t\t\t\t<\/div>\n\t\t\t\t<\/div>\n\t\t\t\t<\/div>\n\t\t\t\t\t<\/div>\n\t\t\t\t<\/div>\n\t\t\t\t<\/div>","protected":false},"excerpt":{"rendered":"<p>Our Services What we Offer At the TIME Program, we are dedicated to empowering minority entrepreneurs through a comprehensive suite of services designed to foster personal growth, business acumen, and financial stability. Our offerings are tailored to meet the unique needs of each entrepreneur, ensuring a holistic approach to success. Complete Application get irs-w9 form [&hellip;]<\/p>\n","protected":false},"author":1,"featured_media":0,"parent":0,"menu_order":0,"comment_status":"closed","ping_status":"closed","template":"","meta":{"inline_featured_image":false,"site-sidebar-layout":"no-sidebar","site-content-layout":"page-builder","ast-site-content-layout":"full-width-container","site-content-style":"unboxed","site-sidebar-style":"unboxed","ast-global-header-display":"","ast-banner-title-visibility":"","ast-main-header-display":"","ast-hfb-above-header-display":"","ast-hfb-below-header-display":"","ast-hfb-mobile-header-display":"","site-post-title":"disabled","ast-breadcrumbs-content":"","ast-featured-img":"disabled","footer-sml-layout":"","ast-disable-related-posts":"","theme-transparent-header-meta":"enabled","adv-header-id-meta":"","stick-header-meta":"","header-above-stick-meta":"","header-main-stick-meta":"","header-below-stick-meta":"","astra-migrate-meta-layouts":"set","ast-page-background-enabled":"default","ast-page-background-meta":{"desktop":{"background-color":"","background-image":"","background-repeat":"repeat","background-position":"center center","background-size":"auto","background-attachment":"scroll","background-type":"","background-media":"","overlay-type":"","overlay-color":"","overlay-opacity":"","overlay-gradient":""},"tablet":{"background-color":"","background-image":"","background-repeat":"repeat","background-position":"center center","background-size":"auto","background-attachment":"scroll","background-type":"","background-media":"","overlay-type":"","overlay-color":"","overlay-opacity":"","overlay-gradient":""},"mobile":{"background-color":"","background-image":"","background-repeat":"repeat","background-position":"center center","background-size":"auto","background-attachment":"scroll","background-type":"","background-media":"","overlay-type":"","overlay-color":"","overlay-opacity":"","overlay-gradient":""}},"ast-content-background-meta":{"desktop":{"background-color":"var(--ast-global-color-5)","background-image":"","background-repeat":"repeat","background-position":"center center","background-size":"auto","background-attachment":"scroll","background-type":"","background-media":"","overlay-type":"","overlay-color":"","overlay-opacity":"","overlay-gradient":""},"tablet":{"background-color":"var(--ast-global-color-5)","background-image":"","background-repeat":"repeat","background-position":"center center","background-size":"auto","background-attachment":"scroll","background-type":"","background-media":"","overlay-type":"","overlay-color":"","overlay-opacity":"","overlay-gradient":""},"mobile":{"background-color":"var(--ast-global-color-5)","background-image":"","background-repeat":"repeat","background-position":"center center","background-size":"auto","background-attachment":"scroll","background-type":"","background-media":"","overlay-type":"","overlay-color":"","overlay-opacity":"","overlay-gradient":""}},"footnotes":""},"class_list":["post-3085","page","type-page","status-publish","hentry"],"_links":{"self":[{"href":"https:\/\/thetimeprogram.com\/es\/wp-json\/wp\/v2\/pages\/3085","targetHints":{"allow":["GET"]}}],"collection":[{"href":"https:\/\/thetimeprogram.com\/es\/wp-json\/wp\/v2\/pages"}],"about":[{"href":"https:\/\/thetimeprogram.com\/es\/wp-json\/wp\/v2\/types\/page"}],"author":[{"embeddable":true,"href":"https:\/\/thetimeprogram.com\/es\/wp-json\/wp\/v2\/users\/1"}],"replies":[{"embeddable":true,"href":"https:\/\/thetimeprogram.com\/es\/wp-json\/wp\/v2\/comments?post=3085"}],"version-history":[{"count":16,"href":"https:\/\/thetimeprogram.com\/es\/wp-json\/wp\/v2\/pages\/3085\/revisions"}],"predecessor-version":[{"id":3249,"href":"https:\/\/thetimeprogram.com\/es\/wp-json\/wp\/v2\/pages\/3085\/revisions\/3249"}],"wp:attachment":[{"href":"https:\/\/thetimeprogram.com\/es\/wp-json\/wp\/v2\/media?parent=3085"}],"curies":[{"name":"gracias","href":"https:\/\/api.w.org\/{rel}","templated":true}]}}